{"id":358,"date":"2020-08-31T15:26:24","date_gmt":"2020-08-31T13:26:24","guid":{"rendered":"https:\/\/xxl-dresden.info\/shop\/?post_type=product&#038;p=358"},"modified":"2020-11-05T12:53:27","modified_gmt":"2020-11-05T11:53:27","slug":"chalk-bag-beta-redchilli","status":"publish","type":"product","link":"https:\/\/xxl-dresden.info\/shop\/produkt\/chalk-bag-beta-redchilli\/","title":{"rendered":"Chalk Bag Beta (Red Chili)"},"content":{"rendered":"","protected":false},"excerpt":{"rendered":"<div class=\"page hidden\">\n<div class=\"product-container sports\">\n<div class=\"product-detail\">\n<div class=\"product-container-block right\">\n<div class=\"product-content content-font\">\n<div class=\"product-info-block\">\n<p>Gro\u00dfer Chalk Bag mit Kordelzug, B\u00fcrstenhalterung und gro\u00dfer RV-Tasche zur Unterbringung von Handy und Accessoires wie Schl\u00fcsseln beim Bouldern in der Halle oder Topo beim Klettern alpiner Routen.<\/p>\n<\/div>\n<\/div>\n<\/div>\n<\/div>\n<\/div>\n<\/div>\n","protected":false},"featured_media":359,"template":"","meta":{"_acf_changed":false,"_et_pb_use_builder":"","_et_pb_old_content":"","_et_gb_content_width":""},"product_brand":[],"product_cat":[115,66,20],"product_tag":[],"class_list":{"0":"post-358","1":"product","2":"type-product","3":"status-publish","4":"has-post-thumbnail","6":"product_cat-mitgliederrabatt15","7":"product_cat-startseite","8":"product_cat-unkategorisiert","10":"first","11":"instock","12":"taxable","13":"shipping-taxable","14":"purchasable","15":"product-type-variable"},"acf":[],"_links":{"self":[{"href":"https:\/\/xxl-dresden.info\/shop\/wp-json\/wp\/v2\/product\/358","targetHints":{"allow":["GET"]}}],"collection":[{"href":"https:\/\/xxl-dresden.info\/shop\/wp-json\/wp\/v2\/product"}],"about":[{"href":"https:\/\/xxl-dresden.info\/shop\/wp-json\/wp\/v2\/types\/product"}],"wp:featuredmedia":[{"embeddable":true,"href":"https:\/\/xxl-dresden.info\/shop\/wp-json\/wp\/v2\/media\/359"}],"wp:attachment":[{"href":"https:\/\/xxl-dresden.info\/shop\/wp-json\/wp\/v2\/media?parent=358"}],"wp:term":[{"taxonomy":"product_brand","embeddable":true,"href":"https:\/\/xxl-dresden.info\/shop\/wp-json\/wp\/v2\/product_brand?post=358"},{"taxonomy":"product_cat","embeddable":true,"href":"https:\/\/xxl-dresden.info\/shop\/wp-json\/wp\/v2\/product_cat?post=358"},{"taxonomy":"product_tag","embeddable":true,"href":"https:\/\/xxl-dresden.info\/shop\/wp-json\/wp\/v2\/product_tag?post=358"}],"curies":[{"name":"wp","href":"https:\/\/api.w.org\/{rel}","templated":true}]}}