{"id":231,"date":"2020-07-16T12:00:11","date_gmt":"2020-07-16T10:00:11","guid":{"rendered":"https:\/\/xxl-dresden.info\/shop\/?page_id=231"},"modified":"2020-12-09T11:34:46","modified_gmt":"2020-12-09T10:34:46","slug":"xxl-dresden-online-shop","status":"publish","type":"page","link":"https:\/\/xxl-dresden.info\/shop\/","title":{"rendered":"XXL\u2019 DRESDEN \u2013 Der ONLINE-SHOP f\u00fcr unsere Kunden"},"content":{"rendered":"\n<p>Liebe XXL&#8216;- Kunden, <br>in unserem Online-Shop findet Ihr Kletterequipment, das wir speziell f\u00fcr Euch ausgew\u00e4hlt haben, egal, ob Ihr mehr indoor oder outdoor unterwegs seid. Unsere Auswahl basiert auf langj\u00e4hriger Erfahrung von uns und unserem Trainerteam. Vor allem was Seile betrifft, haben wir ein besonderes Angebot f\u00fcr Hallenkletterer und Experts.  Vorerst bieten wir in unserem Shop bis auf die Gutscheine nur die Abholung im XXL&#8216; an. <br>F\u00fcr die Inhaber einer Kundenkarte im XXL gibt es besonders g\u00fcnstige Preise. <\/p>\n\n\n\n<p><strong>Exklusiver 15% Rabatt f\u00fcr unsere Mitglieder und Kunden mit Kundenkarte.<\/strong><\/p>\n\n\n\n<p>Bitte nutzt dazu am Ende der Bestellung den Gutschein-Code \u201e<strong>XXLRabatt<\/strong>\u201c. Der Rabatt wird dann in Eurem Warenkorb angezeigt und vom Endpreis Eurer Bestellung abgezogen. Der Gutschein-Code ist nur f\u00fcr die gekennzeichneten Artikel anwendbar. Bei Abholung m\u00fcsst Ihr dann nur noch Eure Mitgliedskarte \/ Kundenkarte vorzeigen.<\/p>\n\n\n\n<p>Wir erweitern unseren Shop in n\u00e4chster Zeit noch. Gern nehmen wir Eure Empfehlungen und W\u00fcnsche in unser Programm mit auf, soweit dies m\u00f6glich ist. Schreibt uns einfach eine E-Mail an: info@xxl-klettern.de.<\/p>\n\n\n\n<p><\/p>\n\n\n\n<div style=\"height:30px\" aria-hidden=\"true\" class=\"wp-block-spacer\"><\/div>\n\n\n\n<div class=\"wp-block-columns is-layout-flex wp-container-core-columns-is-layout-9d6595d7 wp-block-columns-is-layout-flex\">\n<div class=\"wp-block-column is-layout-flow wp-block-column-is-layout-flow\" style=\"flex-basis:66.66%\">\n<figure class=\"wp-block-image size-large\"><a href=\"https:\/\/xxl-dresden.info\/shop\/produkt\/gutschein\/\"><img loading=\"lazy\" decoding=\"async\" width=\"1024\" height=\"498\" src=\"https:\/\/xxl-dresden.info\/shop\/wp-content\/uploads\/2020\/07\/GUTSCHEIN-2017_B-scaled-1024x498.jpg\" alt=\"\" class=\"wp-image-66\" srcset=\"https:\/\/xxl-dresden.info\/shop\/wp-content\/uploads\/2020\/07\/GUTSCHEIN-2017_B-scaled-980x476.jpg 980w, https:\/\/xxl-dresden.info\/shop\/wp-content\/uploads\/2020\/07\/GUTSCHEIN-2017_B-scaled-480x233.jpg 480w\" sizes=\"(min-width: 0px) and (max-width: 480px) 480px, (min-width: 481px) and (max-width: 980px) 980px, (min-width: 981px) 1024px, 100vw\" \/><\/a><\/figure>\n\n\n\n<p><\/p>\n<\/div>\n\n\n\n<div class=\"wp-block-column is-layout-flow wp-block-column-is-layout-flow\" style=\"flex-basis:33.33%\">\n<h1 class=\"wp-block-heading\"><strong>XXL\u2019<\/strong>&nbsp;GUTSCHEIN<\/h1>\n\n\n\n<p>Bestellt direkt unseren Gutschein &#8211; Postversand auf Rechnung oder Abholung vor Ort.<\/p>\n\n\n\n<div style=\"height:20px\" aria-hidden=\"true\" class=\"wp-block-spacer\"><\/div>\n\n\n\n<div class=\"wp-block-buttons is-layout-flex wp-block-buttons-is-layout-flex\">\n<div class=\"wp-block-button is-style-outline is-style-outline--1\"><a class=\"wp-block-button__link has-text-color no-border-radius\" href=\"https:\/\/xxl-dresden.info\/shop\/produkt\/gutschein\/\" style=\"color:#f39100\">Jetzt bestellen<\/a><\/div>\n<\/div>\n<\/div>\n<\/div>\n\n\n\n<div style=\"height:30px\" aria-hidden=\"true\" class=\"wp-block-spacer\"><\/div>\n\n\n\n<h2 class=\"wp-block-heading\">Weitere Produkte<\/h2>\n\n\n<div class=\"woocommerce columns-4 \"><ul class=\"products columns-4\">\n<li class=\"product type-product post-303 status-publish first instock product_cat-gurte product_cat-mitgliederrabatt15 product_cat-startseite has-post-thumbnail taxable shipping-taxable purchasable product-type-variable\">\n\t<a href=\"https:\/\/xxl-dresden.info\/shop\/produkt\/kinderklettergurt-finn-edelrid\/\" class=\"woocommerce-LoopProduct-link woocommerce-loop-product__link\"><span class=\"et_shop_image\"><img loading=\"lazy\" decoding=\"async\" width=\"350\" height=\"350\" src=\"https:\/\/xxl-dresden.info\/shop\/wp-content\/uploads\/2020\/08\/Finn-350x350.jpg\" class=\"attachment-woocommerce_thumbnail size-woocommerce_thumbnail\" alt=\"Kinderklettergurt Finn (Edelrid)\" srcset=\"https:\/\/xxl-dresden.info\/shop\/wp-content\/uploads\/2020\/08\/Finn-350x350.jpg 350w, https:\/\/xxl-dresden.info\/shop\/wp-content\/uploads\/2020\/08\/Finn-300x300.jpg 300w, https:\/\/xxl-dresden.info\/shop\/wp-content\/uploads\/2020\/08\/Finn-150x150.jpg 150w, https:\/\/xxl-dresden.info\/shop\/wp-content\/uploads\/2020\/08\/Finn-100x100.jpg 100w, https:\/\/xxl-dresden.info\/shop\/wp-content\/uploads\/2020\/08\/Finn.jpg 440w\" sizes=\"(max-width: 350px) 100vw, 350px\" \/><span class=\"et_overlay\"><\/span><\/span><h2 class=\"woocommerce-loop-product__title\">Kinderklettergurt Finn (Edelrid)<\/h2>\n\t<span class=\"price\"><span class=\"woocommerce-Price-amount amount\"><bdi>55,00&nbsp;<span class=\"woocommerce-Price-currencySymbol\">&euro;<\/span><\/bdi><\/span><\/span>\n\n\n\n<\/a>\n\n<span class=\"xxl-category-label\"><a href=\"https:\/\/xxl-dresden.info\/shop\/produkt-kategorie\/mitgliederrabatt15\/\">-15% Mitgliederrabatt<\/a><\/span><\/li>\n<li class=\"product type-product post-479 status-publish instock product_cat-startseite product_cat-kletterschuhe product_cat-mitgliederrabatt15 has-post-thumbnail taxable shipping-taxable purchasable product-type-variable\">\n\t<a href=\"https:\/\/xxl-dresden.info\/shop\/produkt\/voltage-kletterschuh-redcili\/\" class=\"woocommerce-LoopProduct-link woocommerce-loop-product__link\"><span class=\"et_shop_image\"><img loading=\"lazy\" decoding=\"async\" width=\"350\" height=\"350\" src=\"https:\/\/xxl-dresden.info\/shop\/wp-content\/uploads\/2020\/10\/Voltage2-350x350.jpg\" class=\"attachment-woocommerce_thumbnail size-woocommerce_thumbnail\" alt=\"Voltage 2 Kletterschuh (RedCili)\" \/><span class=\"et_overlay\"><\/span><\/span><h2 class=\"woocommerce-loop-product__title\">Voltage 2 Kletterschuh (RedCili)<\/h2>\n\t<span class=\"price\"><span class=\"woocommerce-Price-amount amount\"><bdi>145,00&nbsp;<span class=\"woocommerce-Price-currencySymbol\">&euro;<\/span><\/bdi><\/span><\/span>\n\n\n\n<\/a>\n\n<span class=\"xxl-category-label\"><a href=\"https:\/\/xxl-dresden.info\/shop\/produkt-kategorie\/mitgliederrabatt15\/\">-15% Mitgliederrabatt<\/a><\/span><\/li>\n<li class=\"product type-product post-98 status-publish instock product_cat-startseite product_cat-seile product_cat-mitgliederrabatt15 has-post-thumbnail taxable shipping-taxable purchasable product-type-variable\">\n\t<a href=\"https:\/\/xxl-dresden.info\/shop\/produkt\/seil-tower\/\" class=\"woocommerce-LoopProduct-link woocommerce-loop-product__link\"><span class=\"et_shop_image\"><img loading=\"lazy\" decoding=\"async\" width=\"350\" height=\"350\" src=\"https:\/\/xxl-dresden.info\/shop\/wp-content\/uploads\/2020\/07\/Seil_Tower-350x350.webp\" class=\"attachment-woocommerce_thumbnail size-woocommerce_thumbnail\" alt=\"Seil Tower f\u00fcr die Halle 10mm (Edelrid)\" \/><span class=\"et_overlay\"><\/span><\/span><h2 class=\"woocommerce-loop-product__title\">Seil Tower f\u00fcr die Halle 10mm (Edelrid)<\/h2>\n\t<span class=\"price\"><span class=\"woocommerce-Price-amount amount\"><bdi>175,00&nbsp;<span class=\"woocommerce-Price-currencySymbol\">&euro;<\/span><\/bdi><\/span> \u2013 <span class=\"woocommerce-Price-amount amount\"><bdi>205,00&nbsp;<span class=\"woocommerce-Price-currencySymbol\">&euro;<\/span><\/bdi><\/span><\/span>\n\n\n\n<\/a>\n\n<span class=\"xxl-category-label\"><a href=\"https:\/\/xxl-dresden.info\/shop\/produkt-kategorie\/mitgliederrabatt15\/\">-15% Mitgliederrabatt<\/a><\/span><\/li>\n<li class=\"product type-product post-358 status-publish last instock product_cat-startseite product_cat-mitgliederrabatt15 product_cat-unkategorisiert has-post-thumbnail taxable shipping-taxable purchasable product-type-variable\">\n\t<a href=\"https:\/\/xxl-dresden.info\/shop\/produkt\/chalk-bag-beta-redchilli\/\" class=\"woocommerce-LoopProduct-link woocommerce-loop-product__link\"><span class=\"et_shop_image\"><img loading=\"lazy\" decoding=\"async\" width=\"350\" height=\"350\" src=\"https:\/\/xxl-dresden.info\/shop\/wp-content\/uploads\/2020\/08\/Chalk-Bag-Beta-350x350.jpg\" class=\"attachment-woocommerce_thumbnail size-woocommerce_thumbnail\" alt=\"Chalk Bag Beta (Red Chili)\" \/><span class=\"et_overlay\"><\/span><\/span><h2 class=\"woocommerce-loop-product__title\">Chalk Bag Beta (Red Chili)<\/h2>\n\t<span class=\"price\"><span class=\"woocommerce-Price-amount amount\"><bdi>18,00&nbsp;<span class=\"woocommerce-Price-currencySymbol\">&euro;<\/span><\/bdi><\/span><\/span>\n\n\n\n<\/a>\n\n<span class=\"xxl-category-label\"><a href=\"https:\/\/xxl-dresden.info\/shop\/produkt-kategorie\/mitgliederrabatt15\/\">-15% Mitgliederrabatt<\/a><\/span><\/li>\n<li class=\"product type-product post-260 status-publish first instock product_cat-mitgliederrabatt15 product_cat-startseite product_cat-gurte has-post-thumbnail taxable shipping-taxable purchasable product-type-variable\">\n\t<a href=\"https:\/\/xxl-dresden.info\/shop\/produkt\/jay-allroundgurt-edelrid\/\" class=\"woocommerce-LoopProduct-link woocommerce-loop-product__link\"><span class=\"et_shop_image\"><img loading=\"lazy\" decoding=\"async\" width=\"350\" height=\"350\" src=\"https:\/\/xxl-dresden.info\/shop\/wp-content\/uploads\/2024\/10\/JAY-Edelrid_Gurt-350x350.webp\" class=\"attachment-woocommerce_thumbnail size-woocommerce_thumbnail\" alt=\"Jay  Allroundgurt (Edelrid)\" \/><span class=\"et_overlay\"><\/span><\/span><h2 class=\"woocommerce-loop-product__title\">Jay  Allroundgurt (Edelrid)<\/h2>\n\t<span class=\"price\"><span class=\"woocommerce-Price-amount amount\"><bdi>65,00&nbsp;<span class=\"woocommerce-Price-currencySymbol\">&euro;<\/span><\/bdi><\/span><\/span>\n\n\n\n<\/a>\n\n<span class=\"xxl-category-label\"><a href=\"https:\/\/xxl-dresden.info\/shop\/produkt-kategorie\/mitgliederrabatt15\/\">-15% Mitgliederrabatt<\/a><\/span><\/li>\n<li class=\"product type-product post-168 status-publish instock product_cat-mitgliederrabatt15 product_cat-startseite product_cat-gurte has-post-thumbnail taxable shipping-taxable purchasable product-type-variable\">\n\t<a href=\"https:\/\/xxl-dresden.info\/shop\/produkt\/jayne-allroundgurt-2\/\" class=\"woocommerce-LoopProduct-link woocommerce-loop-product__link\"><span class=\"et_shop_image\"><img loading=\"lazy\" decoding=\"async\" width=\"350\" height=\"350\" src=\"https:\/\/xxl-dresden.info\/shop\/wp-content\/uploads\/2020\/07\/Jayne-w-1-350x350.jpg\" class=\"attachment-woocommerce_thumbnail size-woocommerce_thumbnail\" alt=\"Jayne Allroundgurt Frauen (Edelrid)\" \/><span class=\"et_overlay\"><\/span><\/span><h2 class=\"woocommerce-loop-product__title\">Jayne Allroundgurt Frauen (Edelrid)<\/h2>\n\t<span class=\"price\"><span class=\"woocommerce-Price-amount amount\"><bdi>65,00&nbsp;<span class=\"woocommerce-Price-currencySymbol\">&euro;<\/span><\/bdi><\/span><\/span>\n\n\n\n<\/a>\n\n<span class=\"xxl-category-label\"><a href=\"https:\/\/xxl-dresden.info\/shop\/produkt-kategorie\/mitgliederrabatt15\/\">-15% Mitgliederrabatt<\/a><\/span><\/li>\n<li class=\"product type-product post-97 status-publish instock product_cat-vorschaltwiderstand product_cat-startseite product_cat-mitgliederrabatt15 has-post-thumbnail taxable shipping-taxable purchasable product-type-simple\">\n\t<a href=\"https:\/\/xxl-dresden.info\/shop\/produkt\/ohm\/\" class=\"woocommerce-LoopProduct-link woocommerce-loop-product__link\"><span class=\"et_shop_image\"><img loading=\"lazy\" decoding=\"async\" width=\"350\" height=\"350\" src=\"https:\/\/xxl-dresden.info\/shop\/wp-content\/uploads\/2020\/07\/Ohm-350x350.jpg\" class=\"attachment-woocommerce_thumbnail size-woocommerce_thumbnail\" alt=\"Ohm (Edelrid)\" \/><span class=\"et_overlay\"><\/span><\/span><h2 class=\"woocommerce-loop-product__title\">Ohm (Edelrid)<\/h2>\n\t<span class=\"price\"><span class=\"woocommerce-Price-amount amount\"><bdi>125,00&nbsp;<span class=\"woocommerce-Price-currencySymbol\">&euro;<\/span><\/bdi><\/span><\/span>\n\n\n\n<\/a>\n\n<span class=\"xxl-category-label\"><a href=\"https:\/\/xxl-dresden.info\/shop\/produkt-kategorie\/mitgliederrabatt15\/\">-15% Mitgliederrabatt<\/a><\/span><\/li>\n<li class=\"product type-product post-277 status-publish last instock product_cat-mitgliederrabatt15 product_cat-sicherungsgeraete product_cat-startseite product_cat-gurte has-post-thumbnail taxable shipping-taxable purchasable product-type-simple\">\n\t<a href=\"https:\/\/xxl-dresden.info\/shop\/produkt\/jule-2-edelrid\/\" class=\"woocommerce-LoopProduct-link woocommerce-loop-product__link\"><span class=\"et_shop_image\"><img loading=\"lazy\" decoding=\"async\" width=\"350\" height=\"350\" src=\"https:\/\/xxl-dresden.info\/shop\/wp-content\/uploads\/2020\/07\/Jule-2-n-350x350.jpg\" class=\"attachment-woocommerce_thumbnail size-woocommerce_thumbnail\" alt=\"Jul 2 (Edelrid)\" srcset=\"https:\/\/xxl-dresden.info\/shop\/wp-content\/uploads\/2020\/07\/Jule-2-n-350x350.jpg 350w, https:\/\/xxl-dresden.info\/shop\/wp-content\/uploads\/2020\/07\/Jule-2-n-300x300.jpg 300w, https:\/\/xxl-dresden.info\/shop\/wp-content\/uploads\/2020\/07\/Jule-2-n-150x150.jpg 150w, https:\/\/xxl-dresden.info\/shop\/wp-content\/uploads\/2020\/07\/Jule-2-n-100x100.jpg 100w, https:\/\/xxl-dresden.info\/shop\/wp-content\/uploads\/2020\/07\/Jule-2-n.jpg 480w\" sizes=\"(max-width: 350px) 100vw, 350px\" \/><span class=\"et_overlay\"><\/span><\/span><h2 class=\"woocommerce-loop-product__title\">Jul 2 (Edelrid)<\/h2>\n\t<span class=\"price\"><span class=\"woocommerce-Price-amount amount\"><bdi>40,00&nbsp;<span class=\"woocommerce-Price-currencySymbol\">&euro;<\/span><\/bdi><\/span><\/span>\n\n\n\n<\/a>\n\n<span class=\"xxl-category-label\"><a href=\"https:\/\/xxl-dresden.info\/shop\/produkt-kategorie\/mitgliederrabatt15\/\">-15% Mitgliederrabatt<\/a><\/span><\/li>\n<li class=\"product type-product post-282 status-publish first instock product_cat-gurte product_cat-mitgliederrabatt15 product_cat-sicherungsgeraete product_cat-startseite has-post-thumbnail taxable shipping-taxable purchasable product-type-simple\">\n\t<a href=\"https:\/\/xxl-dresden.info\/shop\/produkt\/hms-strike-edelrid\/\" class=\"woocommerce-LoopProduct-link woocommerce-loop-product__link\"><span class=\"et_shop_image\"><img loading=\"lazy\" decoding=\"async\" width=\"350\" height=\"350\" src=\"https:\/\/xxl-dresden.info\/shop\/wp-content\/uploads\/2020\/07\/HMS-1-350x350.jpg\" class=\"attachment-woocommerce_thumbnail size-woocommerce_thumbnail\" alt=\"HMS Strike (Edelrid)\" srcset=\"https:\/\/xxl-dresden.info\/shop\/wp-content\/uploads\/2020\/07\/HMS-1-350x350.jpg 350w, https:\/\/xxl-dresden.info\/shop\/wp-content\/uploads\/2020\/07\/HMS-1-300x300.jpg 300w, https:\/\/xxl-dresden.info\/shop\/wp-content\/uploads\/2020\/07\/HMS-1-150x150.jpg 150w, https:\/\/xxl-dresden.info\/shop\/wp-content\/uploads\/2020\/07\/HMS-1-100x100.jpg 100w, https:\/\/xxl-dresden.info\/shop\/wp-content\/uploads\/2020\/07\/HMS-1.jpg 475w\" sizes=\"(max-width: 350px) 100vw, 350px\" \/><span class=\"et_overlay\"><\/span><\/span><h2 class=\"woocommerce-loop-product__title\">HMS Strike (Edelrid)<\/h2>\n\t<span class=\"price\"><span class=\"woocommerce-Price-amount amount\"><bdi>21,00&nbsp;<span class=\"woocommerce-Price-currencySymbol\">&euro;<\/span><\/bdi><\/span><\/span>\n\n\n\n<\/a>\n\n<span class=\"xxl-category-label\"><a href=\"https:\/\/xxl-dresden.info\/shop\/produkt-kategorie\/mitgliederrabatt15\/\">-15% Mitgliederrabatt<\/a><\/span><\/li>\n<li class=\"product type-product post-351 status-publish instock product_cat-startseite product_cat-mitgliederrabatt15 product_cat-seile has-post-thumbnail taxable shipping-taxable purchasable product-type-variable\">\n\t<a href=\"https:\/\/xxl-dresden.info\/shop\/produkt\/eagle-light-95-mm-edelrid\/\" class=\"woocommerce-LoopProduct-link woocommerce-loop-product__link\"><span class=\"et_shop_image\"><img loading=\"lazy\" decoding=\"async\" width=\"350\" height=\"350\" src=\"https:\/\/xxl-dresden.info\/shop\/wp-content\/uploads\/2020\/08\/eagle_lite-95-350x350.webp\" class=\"attachment-woocommerce_thumbnail size-woocommerce_thumbnail\" alt=\"Eagle Light ECO DRY 9,5 mm 80m (Edelrid)\" \/><span class=\"et_overlay\"><\/span><\/span><h2 class=\"woocommerce-loop-product__title\">Eagle Light ECO DRY 9,5 mm 80m (Edelrid)<\/h2>\n\t<span class=\"price\"><span class=\"woocommerce-Price-amount amount\"><bdi>260,00&nbsp;<span class=\"woocommerce-Price-currencySymbol\">&euro;<\/span><\/bdi><\/span><\/span>\n\n\n\n<\/a>\n\n<span class=\"xxl-category-label\"><a href=\"https:\/\/xxl-dresden.info\/shop\/produkt-kategorie\/mitgliederrabatt15\/\">-15% Mitgliederrabatt<\/a><\/span><\/li>\n<li class=\"product type-product post-460 status-publish outofstock product_cat-startseite has-post-thumbnail taxable shipping-taxable purchasable product-type-simple\">\n\t<a href=\"https:\/\/xxl-dresden.info\/shop\/produkt\/chalk-jar-edelrid\/\" class=\"woocommerce-LoopProduct-link woocommerce-loop-product__link\"><span class=\"et_shop_image\"><img loading=\"lazy\" decoding=\"async\" width=\"350\" height=\"350\" src=\"https:\/\/xxl-dresden.info\/shop\/wp-content\/uploads\/2020\/10\/chalk_lose-350x350.webp\" class=\"attachment-woocommerce_thumbnail size-woocommerce_thumbnail\" alt=\"Chalk 300G (Edelrid)\" \/><span class=\"et_overlay\"><\/span><\/span><h2 class=\"woocommerce-loop-product__title\">Chalk 300G (Edelrid)<\/h2>\n\t<span class=\"price\"><span class=\"woocommerce-Price-amount amount\"><bdi>9,00&nbsp;<span class=\"woocommerce-Price-currencySymbol\">&euro;<\/span><\/bdi><\/span><\/span>\n\n\n\n<\/a>\n\n<\/li>\n<li class=\"product type-product post-462 status-publish last instock product_cat-startseite has-post-thumbnail taxable shipping-taxable purchasable product-type-simple\">\n\t<a href=\"https:\/\/xxl-dresden.info\/shop\/produkt\/chalk-liquid-edelrid\/\" class=\"woocommerce-LoopProduct-link woocommerce-loop-product__link\"><span class=\"et_shop_image\"><img loading=\"lazy\" decoding=\"async\" width=\"350\" height=\"350\" src=\"https:\/\/xxl-dresden.info\/shop\/wp-content\/uploads\/2020\/10\/Liquid-350x350.jpg\" class=\"attachment-woocommerce_thumbnail size-woocommerce_thumbnail\" alt=\"Liquid Chalk 100 ml (Edelrid)\" srcset=\"https:\/\/xxl-dresden.info\/shop\/wp-content\/uploads\/2020\/10\/Liquid-350x350.jpg 350w, https:\/\/xxl-dresden.info\/shop\/wp-content\/uploads\/2020\/10\/Liquid-300x300.jpg 300w, https:\/\/xxl-dresden.info\/shop\/wp-content\/uploads\/2020\/10\/Liquid-150x150.jpg 150w, https:\/\/xxl-dresden.info\/shop\/wp-content\/uploads\/2020\/10\/Liquid-100x100.jpg 100w, https:\/\/xxl-dresden.info\/shop\/wp-content\/uploads\/2020\/10\/Liquid.jpg 468w\" sizes=\"(max-width: 350px) 100vw, 350px\" \/><span class=\"et_overlay\"><\/span><\/span><h2 class=\"woocommerce-loop-product__title\">Liquid Chalk 100 ml (Edelrid)<\/h2>\n\t<span class=\"price\"><span class=\"woocommerce-Price-amount amount\"><bdi>8,00&nbsp;<span class=\"woocommerce-Price-currencySymbol\">&euro;<\/span><\/bdi><\/span><\/span>\n\n\n\n<\/a>\n\n<\/li>\n<li class=\"product type-product post-314 status-publish first instock product_cat-seile product_cat-startseite has-post-thumbnail taxable shipping-taxable purchasable product-type-variable\">\n\t<a href=\"https:\/\/xxl-dresden.info\/shop\/produkt\/314\/\" class=\"woocommerce-LoopProduct-link woocommerce-loop-product__link\"><span class=\"et_shop_image\"><img loading=\"lazy\" decoding=\"async\" width=\"350\" height=\"350\" src=\"https:\/\/xxl-dresden.info\/shop\/wp-content\/uploads\/2020\/08\/SWIFT-Protect-pro-350x350.jpg\" class=\"attachment-woocommerce_thumbnail size-woocommerce_thumbnail\" alt=\"Swift Protect Pro Dry 8,9 mm 100 Meter (Edelrid)\" srcset=\"https:\/\/xxl-dresden.info\/shop\/wp-content\/uploads\/2020\/08\/SWIFT-Protect-pro-350x350.jpg 350w, https:\/\/xxl-dresden.info\/shop\/wp-content\/uploads\/2020\/08\/SWIFT-Protect-pro-300x300.jpg 300w, https:\/\/xxl-dresden.info\/shop\/wp-content\/uploads\/2020\/08\/SWIFT-Protect-pro-150x150.jpg 150w, https:\/\/xxl-dresden.info\/shop\/wp-content\/uploads\/2020\/08\/SWIFT-Protect-pro-100x100.jpg 100w, https:\/\/xxl-dresden.info\/shop\/wp-content\/uploads\/2020\/08\/SWIFT-Protect-pro.jpg 423w\" sizes=\"(max-width: 350px) 100vw, 350px\" \/><span class=\"et_overlay\"><\/span><\/span><h2 class=\"woocommerce-loop-product__title\">Swift Protect Pro Dry 8,9 mm 100 Meter (Edelrid)<\/h2>\n\t<span class=\"price\"><span class=\"woocommerce-Price-amount amount\"><bdi>380,00&nbsp;<span class=\"woocommerce-Price-currencySymbol\">&euro;<\/span><\/bdi><\/span><\/span>\n\n\n\n<\/a>\n\n<\/li>\n<\/ul>\n<\/div>\n\n\n\n<div style=\"height:20px\" aria-hidden=\"true\" class=\"wp-block-spacer\"><\/div>\n\n\n\n<div class=\"wp-block-columns is-layout-flex wp-container-core-columns-is-layout-9d6595d7 wp-block-columns-is-layout-flex\">\n<div class=\"wp-block-column is-layout-flow wp-block-column-is-layout-flow\" style=\"flex-basis:24%\">\n<figure class=\"wp-block-image size-large\"><a href=\"https:\/\/www.decathlon.de\/store-view\/filiale-dresden-0070159701597\" target=\"_blank\" rel=\"noopener noreferrer\"><img loading=\"lazy\" decoding=\"async\" width=\"500\" height=\"500\" src=\"https:\/\/xxl-dresden.info\/shop\/wp-content\/uploads\/2020\/09\/decathlon-logo.png\" alt=\"\" class=\"wp-image-455\" srcset=\"https:\/\/xxl-dresden.info\/shop\/wp-content\/uploads\/2020\/09\/decathlon-logo.png 500w, https:\/\/xxl-dresden.info\/shop\/wp-content\/uploads\/2020\/09\/decathlon-logo-480x480.png 480w\" sizes=\"(min-width: 0px) and (max-width: 480px) 480px, (min-width: 481px) 500px, 100vw\" \/><\/a><\/figure>\n\n\n\n<p class=\"has-text-align-center\">Weitere tolle Produkte findest du bei unserem Partner <a rel=\"noreferrer noopener\" href=\"https:\/\/www.decathlon.de\/store-view\/filiale-dresden-0070159701597\" target=\"_blank\"><span class=\"has-inline-color has-luminous-vivid-orange-color\">DECATHLON<\/span><\/a>.<\/p>\n<\/div>\n\n\n\n<div class=\"wp-block-column is-vertically-aligned-center is-layout-flow wp-block-column-is-layout-flow\"><\/div>\n\n\n\n<div class=\"wp-block-column is-layout-flow wp-block-column-is-layout-flow\" style=\"flex-basis:25%\"><\/div>\n\n\n\n<div class=\"wp-block-column is-layout-flow wp-block-column-is-layout-flow\" style=\"flex-basis:25%\"><\/div>\n<\/div>\n\n\n\n<p><\/p>\n","protected":false},"excerpt":{"rendered":"<p>Liebe XXL&#8216;- Kunden, in unserem Online-Shop findet Ihr Kletterequipment, das wir speziell f\u00fcr Euch ausgew\u00e4hlt haben, egal, ob Ihr mehr indoor oder outdoor unterwegs seid. Unsere Auswahl basiert auf langj\u00e4hriger Erfahrung von uns und unserem Trainerteam. Vor allem was Seile betrifft, haben wir ein besonderes Angebot f\u00fcr Hallenkletterer und Experts. Vorerst bieten wir in unserem [&hellip;]<\/p>\n","protected":false},"author":1,"featured_media":0,"parent":0,"menu_order":0,"comment_status":"closed","ping_status":"closed","template":"","meta":{"_acf_changed":false,"_et_pb_use_builder":"off","_et_pb_old_content":"","_et_gb_content_width":"1080","footnotes":""},"class_list":["post-231","page","type-page","status-publish","hentry"],"acf":[],"_links":{"self":[{"href":"https:\/\/xxl-dresden.info\/shop\/wp-json\/wp\/v2\/pages\/231","targetHints":{"allow":["GET"]}}],"collection":[{"href":"https:\/\/xxl-dresden.info\/shop\/wp-json\/wp\/v2\/pages"}],"about":[{"href":"https:\/\/xxl-dresden.info\/shop\/wp-json\/wp\/v2\/types\/page"}],"author":[{"embeddable":true,"href":"https:\/\/xxl-dresden.info\/shop\/wp-json\/wp\/v2\/users\/1"}],"replies":[{"embeddable":true,"href":"https:\/\/xxl-dresden.info\/shop\/wp-json\/wp\/v2\/comments?post=231"}],"version-history":[{"count":38,"href":"https:\/\/xxl-dresden.info\/shop\/wp-json\/wp\/v2\/pages\/231\/revisions"}],"predecessor-version":[{"id":601,"href":"https:\/\/xxl-dresden.info\/shop\/wp-json\/wp\/v2\/pages\/231\/revisions\/601"}],"wp:attachment":[{"href":"https:\/\/xxl-dresden.info\/shop\/wp-json\/wp\/v2\/media?parent=231"}],"curies":[{"name":"wp","href":"https:\/\/api.w.org\/{rel}","templated":true}]}}